{"id":15,"date":"2020-08-02T08:27:24","date_gmt":"2020-08-02T08:27:24","guid":{"rendered":"https:\/\/harrasshof-solsdorf.de\/?page_id=15"},"modified":"2020-08-02T09:55:17","modified_gmt":"2020-08-02T09:55:17","slug":"startseite","status":"publish","type":"page","link":"https:\/\/harrasshof-solsdorf.de\/","title":{"rendered":"Startseite"},"content":{"rendered":"\n<p>Herzlich Willkommen auf der Internetpr\u00e4senz der Gastst\u00e4tte Harra\u00dfhof im idyllisch  gelegenen Solsdorf. <\/p>\n","protected":false},"excerpt":{"rendered":"<p>Herzlich Willkommen auf der Internetpr\u00e4senz der Gastst\u00e4tte Harra\u00dfhof im idyllisch gelegenen Solsdorf.<\/p>\n","protected":false},"author":1,"featured_media":0,"parent":0,"menu_order":0,"comment_status":"closed","ping_status":"closed","template":"","meta":{"footnotes":""},"class_list":["post-15","page","type-page","status-publish","hentry"],"_links":{"self":[{"href":"https:\/\/harrasshof-solsdorf.de\/index.php?rest_route=\/wp\/v2\/pages\/15","targetHints":{"allow":["GET"]}}],"collection":[{"href":"https:\/\/harrasshof-solsdorf.de\/index.php?rest_route=\/wp\/v2\/pages"}],"about":[{"href":"https:\/\/harrasshof-solsdorf.de\/index.php?rest_route=\/wp\/v2\/types\/page"}],"author":[{"embeddable":true,"href":"https:\/\/harrasshof-solsdorf.de\/index.php?rest_route=\/wp\/v2\/users\/1"}],"replies":[{"embeddable":true,"href":"https:\/\/harrasshof-solsdorf.de\/index.php?rest_route=%2Fwp%2Fv2%2Fcomments&post=15"}],"version-history":[{"count":5,"href":"https:\/\/harrasshof-solsdorf.de\/index.php?rest_route=\/wp\/v2\/pages\/15\/revisions"}],"predecessor-version":[{"id":62,"href":"https:\/\/harrasshof-solsdorf.de\/index.php?rest_route=\/wp\/v2\/pages\/15\/revisions\/62"}],"wp:attachment":[{"href":"https:\/\/harrasshof-solsdorf.de\/index.php?rest_route=%2Fwp%2Fv2%2Fmedia&parent=15"}],"curies":[{"name":"wp","href":"https:\/\/api.w.org\/{rel}","templated":true}]}}