{"id":8,"date":"2020-08-02T08:27:24","date_gmt":"2020-08-02T08:27:24","guid":{"rendered":"https:\/\/harrasshof-solsdorf.de\/?page_id=8"},"modified":"2020-08-02T13:50:26","modified_gmt":"2020-08-02T13:50:26","slug":"ueber-uns","status":"publish","type":"page","link":"https:\/\/harrasshof-solsdorf.de\/?page_id=8","title":{"rendered":"\u00dcber uns"},"content":{"rendered":"\n<p>Solsdorf liegt ziemlich zentral gelegen in einem ruhigen Seitental des Rinnetals zwischen Bad Blankenburg und Rottenbach und geh\u00f6rt neben weiteren 23 Ortsteilen zur Stadt K\u00f6nigsee. <br>Die St\u00e4dte Rudolstadt, Saalfeld, Ilmenau und Arnstadt sind in ca. 30 Minuten,  Erfurt, Weimar und Jena  in ca. 45 Minuten mit einem Auto erreichbar.<br><br>Landschaftlich liegt Solsdorf am Fu\u00dfe des Th\u00fcringer Waldes und l\u00e4dt mit seinen H\u00f6henz\u00fcgen und den umliegenden ruhigen W\u00e4ldern unter anderem auf dem Th\u00fcringerweg  zum Wandern oder zu Spazierg\u00e4ngen zu den nahegelegenen Sehensw\u00fcrdigkeiten wie zum Beispiel den Baropturm bei Keilhau, die Burg Greifenstein und deren Falknerei, die Klosterruine Paulinzella, die Burgruine Ehrenstein oder den Singer Berg  mit der kleinsten Brauerei Th\u00fcringens ein.<\/p>\n\n\n\n<p>Der Harra\u00dfhof befindet sich seit sechs Generation im Familienbesitz.<\/p>\n\n\n\n<p><\/p>\n","protected":false},"excerpt":{"rendered":"<p>Solsdorf liegt ziemlich zentral gelegen in einem ruhigen Seitental des Rinnetals zwischen Bad Blankenburg und Rottenbach und geh\u00f6rt neben weiteren 23 Ortsteilen zur Stadt K\u00f6nigsee. Die St\u00e4dte Rudolstadt, Saalfeld, Ilmenau und Arnstadt sind in ca. 30 Minuten, Erfurt, Weimar und Jena in ca. 45 Minuten mit einem Auto erreichbar. Landschaftlich liegt Solsdorf am Fu\u00dfe des &hellip; <\/p>\n<p class=\"link-more\"><a href=\"https:\/\/harrasshof-solsdorf.de\/?page_id=8\" class=\"more-link\"><span class=\"screen-reader-text\">\u201e\u00dcber uns\u201c<\/span> weiterlesen<\/a><\/p>\n","protected":false},"author":1,"featured_media":0,"parent":15,"menu_order":0,"comment_status":"closed","ping_status":"closed","template":"","meta":{"footnotes":""},"class_list":["post-8","page","type-page","status-publish","hentry"],"_links":{"self":[{"href":"https:\/\/harrasshof-solsdorf.de\/index.php?rest_route=\/wp\/v2\/pages\/8","targetHints":{"allow":["GET"]}}],"collection":[{"href":"https:\/\/harrasshof-solsdorf.de\/index.php?rest_route=\/wp\/v2\/pages"}],"about":[{"href":"https:\/\/harrasshof-solsdorf.de\/index.php?rest_route=\/wp\/v2\/types\/page"}],"author":[{"embeddable":true,"href":"https:\/\/harrasshof-solsdorf.de\/index.php?rest_route=\/wp\/v2\/users\/1"}],"replies":[{"embeddable":true,"href":"https:\/\/harrasshof-solsdorf.de\/index.php?rest_route=%2Fwp%2Fv2%2Fcomments&post=8"}],"version-history":[{"count":7,"href":"https:\/\/harrasshof-solsdorf.de\/index.php?rest_route=\/wp\/v2\/pages\/8\/revisions"}],"predecessor-version":[{"id":111,"href":"https:\/\/harrasshof-solsdorf.de\/index.php?rest_route=\/wp\/v2\/pages\/8\/revisions\/111"}],"up":[{"embeddable":true,"href":"https:\/\/harrasshof-solsdorf.de\/index.php?rest_route=\/wp\/v2\/pages\/15"}],"wp:attachment":[{"href":"https:\/\/harrasshof-solsdorf.de\/index.php?rest_route=%2Fwp%2Fv2%2Fmedia&parent=8"}],"curies":[{"name":"wp","href":"https:\/\/api.w.org\/{rel}","templated":true}]}}