{"id":9,"date":"2020-08-02T08:27:24","date_gmt":"2020-08-02T08:27:24","guid":{"rendered":"https:\/\/harrasshof-solsdorf.de\/?page_id=9"},"modified":"2021-07-23T18:20:40","modified_gmt":"2021-07-23T17:20:40","slug":"kontakt","status":"publish","type":"page","link":"https:\/\/harrasshof-solsdorf.de\/?page_id=9","title":{"rendered":"Kontakt"},"content":{"rendered":"\n<p>Gastst\u00e4tte Harra\u00dfhof<br>Solsdorf 25<br>07426 K\u00f6nigsee<br><br>036739\/ 22290<br><a href=\"mailto:info@harrasshof-solsdorf.de\">info @ harrasshof-solsdorf.de<\/a><\/p>\n\n\n\n<p style=\"line-height:1.5\"><strong>\u00d6ffnungszeiten<\/strong><br>Montags bis freitags geschlossen, samstags ab 11.00 Uhr und sonntags von 11.00 Uhr und 15.00 Uhr.<br><\/p>\n\n\n\n<p style=\"line-height:1.5\"><a rel=\"noreferrer noopener\" href=\"https:\/\/www.google.de\/maps\/@50.7141911,11.1581626,944m\/data=!3m1!1e3?hl=de\" target=\"_blank\">Navigation mit Google Maps<\/a><\/p>\n\n\n\n<p><\/p>\n","protected":false},"excerpt":{"rendered":"<p>Gastst\u00e4tte Harra\u00dfhofSolsdorf 2507426 K\u00f6nigsee 036739\/ 22290info @ harrasshof-solsdorf.de \u00d6ffnungszeitenMontags bis freitags geschlossen, samstags ab 11.00 Uhr und sonntags von 11.00 Uhr und 15.00 Uhr. Navigation mit Google Maps<\/p>\n","protected":false},"author":1,"featured_media":0,"parent":15,"menu_order":0,"comment_status":"closed","ping_status":"closed","template":"","meta":{"footnotes":""},"class_list":["post-9","page","type-page","status-publish","hentry"],"_links":{"self":[{"href":"https:\/\/harrasshof-solsdorf.de\/index.php?rest_route=\/wp\/v2\/pages\/9","targetHints":{"allow":["GET"]}}],"collection":[{"href":"https:\/\/harrasshof-solsdorf.de\/index.php?rest_route=\/wp\/v2\/pages"}],"about":[{"href":"https:\/\/harrasshof-solsdorf.de\/index.php?rest_route=\/wp\/v2\/types\/page"}],"author":[{"embeddable":true,"href":"https:\/\/harrasshof-solsdorf.de\/index.php?rest_route=\/wp\/v2\/users\/1"}],"replies":[{"embeddable":true,"href":"https:\/\/harrasshof-solsdorf.de\/index.php?rest_route=%2Fwp%2Fv2%2Fcomments&post=9"}],"version-history":[{"count":13,"href":"https:\/\/harrasshof-solsdorf.de\/index.php?rest_route=\/wp\/v2\/pages\/9\/revisions"}],"predecessor-version":[{"id":127,"href":"https:\/\/harrasshof-solsdorf.de\/index.php?rest_route=\/wp\/v2\/pages\/9\/revisions\/127"}],"up":[{"embeddable":true,"href":"https:\/\/harrasshof-solsdorf.de\/index.php?rest_route=\/wp\/v2\/pages\/15"}],"wp:attachment":[{"href":"https:\/\/harrasshof-solsdorf.de\/index.php?rest_route=%2Fwp%2Fv2%2Fmedia&parent=9"}],"curies":[{"name":"wp","href":"https:\/\/api.w.org\/{rel}","templated":true}]}}